{"id":149,"date":"2021-02-11T01:45:31","date_gmt":"2021-02-11T04:45:31","guid":{"rendered":"http:\/\/sw-themes.com\/porto_dummy\/?page_id=149"},"modified":"2023-11-08T11:43:17","modified_gmt":"2023-11-08T14:43:17","slug":"contato","status":"publish","type":"page","link":"https:\/\/lockfacilrentacar.com.br\/v1\/?page_id=149","title":{"rendered":"Contato"},"content":{"rendered":"\t\t<div data-elementor-type=\"wp-page\" data-elementor-id=\"149\" class=\"elementor elementor-149\">\n\t\t\t\t\t\t\t\t\t<section class=\"elementor-section elementor-top-section elementor-element elementor-element-82760ac elementor-section-content-middle custom-box-1 mt-5 elementor-section-boxed elementor-section-height-default elementor-section-height-default\" data-id=\"82760ac\" data-element_type=\"section\" data-settings=\"{&quot;background_background&quot;:&quot;classic&quot;}\">\r\n\t\t\t\r\n\t\t\t\t\t\t\t\t\t<div class=\"elementor-container elementor-column-gap-no\">\r\n\t\t\t\t\t\t\t\t\t\t\t<div class=\"elementor-column elementor-col-50 elementor-top-column elementor-element elementor-element-2dbc23d\" data-id=\"2dbc23d\" data-element_type=\"column\" data-settings=\"{&quot;background_background&quot;:&quot;classic&quot;}\">\r\n\r\n\t\t\t\t\t<div class=\"elementor-widget-wrap elementor-element-populated\">\r\n\t\t\t\t\t\t\t\t<div class=\"elementor-element elementor-element-89294a4 pb-5 mb-4 mt-5 mt-lg-0  pe-lg-4 custom-location custom-md-column elementor-widget elementor-widget-porto_info_box\" data-id=\"89294a4\" data-element_type=\"widget\" data-widget_type=\"porto_info_box.default\">\n\t\t\t\t<div class=\"elementor-widget-container\">\n\t\t\t<div class=\"porto-sicon-box style_1 default-icon\"><div class=\"porto-sicon-default\"><div class=\"porto-just-icon-wrapper porto-icon none\" style=\"\"><i class=\"porto-icon-map-location\"><\/i><\/div><\/div><div class=\"porto-sicon-header\"><h3 class=\"porto-sicon-title\" style=\"\">Lock F\u00e1cil Rent a Car<\/h3><p >Loteamento Parque dos Eucaliptos, S\/N, KM11, Prefeito Antonio L. de Souza, 57100-100, Quadra: A, Lote 03  Rio Largo\/AL<\/p><\/div> <!-- header --><\/div><!-- porto-sicon-box -->\t\t<\/div>\n\t\t\t\t<\/div>\n\t\t\t\t<div class=\"elementor-section elementor-inner-section elementor-element elementor-element-650696c custom-pos-center elementor-section-boxed elementor-section-height-default elementor-section-height-default\" data-id=\"650696c\" data-element_type=\"section\">\r\n\t\t\t\r\n\t\t\t\t\t\t\t\t\t<div class=\"elementor-container elementor-column-gap-default\">\r\n\t\t\t\t\t\t\t\t\t\t\t<div class=\"elementor-column elementor-col-50 elementor-inner-column elementor-element elementor-element-84784cd col-auto text-center \" data-id=\"84784cd\" data-element_type=\"column\">\r\n\r\n\t\t\t\t\t<div class=\"elementor-widget-wrap elementor-element-populated\">\r\n\t\t\t\t\t\t\t\t<div class=\"elementor-element elementor-element-f996555 elementor-widget elementor-widget-heading\" data-id=\"f996555\" data-element_type=\"widget\" data-widget_type=\"heading.default\">\n\t\t\t\t<div class=\"elementor-widget-container\">\n\t\t\t<style>\/*! elementor - v3.16.0 - 09-10-2023 *\/\n.elementor-heading-title{padding:0;margin:0;line-height:1}.elementor-widget-heading .elementor-heading-title[class*=elementor-size-]>a{color:inherit;font-size:inherit;line-height:inherit}.elementor-widget-heading .elementor-heading-title.elementor-size-small{font-size:15px}.elementor-widget-heading .elementor-heading-title.elementor-size-medium{font-size:19px}.elementor-widget-heading .elementor-heading-title.elementor-size-large{font-size:29px}.elementor-widget-heading .elementor-heading-title.elementor-size-xl{font-size:39px}.elementor-widget-heading .elementor-heading-title.elementor-size-xxl{font-size:59px}<\/style><h3 class=\"elementor-heading-title elementor-size-default\"><span style=\"font-size: 15.4px; letter-spacing: -0.77px;\">CONTATO<\/span><\/h3>\t\t<\/div>\n\t\t\t\t<\/div>\n\t\t\t\t<div class=\"elementor-element elementor-element-050d381 custom-location text-color-hover-primary elementor-widget elementor-widget-porto_info_box\" data-id=\"050d381\" data-element_type=\"widget\" data-widget_type=\"porto_info_box.default\">\n\t\t\t\t<div class=\"elementor-widget-container\">\n\t\t\t<a class=\"porto-sicon-box-link\" href=\"tel:1234567890\"><div class=\"porto-sicon-box style_1 default-icon\"><div class=\"porto-sicon-default\"><div class=\"porto-just-icon-wrapper porto-icon none\" style=\"\"><i class=\"porto-icon-phone-call\"><\/i><\/div><\/div><div class=\"porto-sicon-header\"><h3 class=\"porto-sicon-title\" style=\"\">(82)99130-7503<\/h3><\/div> <!-- header --><\/div><!-- porto-sicon-box --><\/a>\t\t<\/div>\n\t\t\t\t<\/div>\n\t\t\t\t\t<\/div>\r\n\t\t\t\t<\/div>\r\n\t\t\t\t<div class=\"elementor-column elementor-col-50 elementor-inner-column elementor-element elementor-element-5c48541 col-auto text-center \" data-id=\"5c48541\" data-element_type=\"column\">\r\n\r\n\t\t\t\t\t<div class=\"elementor-widget-wrap elementor-element-populated\">\r\n\t\t\t\t\t\t\t\t<div class=\"elementor-element elementor-element-841f582 elementor-widget-divider--view-line elementor-widget elementor-widget-divider\" data-id=\"841f582\" data-element_type=\"widget\" data-widget_type=\"divider.default\">\n\t\t\t\t<div class=\"elementor-widget-container\">\n\t\t\t<style>\/*! elementor - v3.16.0 - 09-10-2023 *\/\n.elementor-widget-divider{--divider-border-style:none;--divider-border-width:1px;--divider-color:#0c0d0e;--divider-icon-size:20px;--divider-element-spacing:10px;--divider-pattern-height:24px;--divider-pattern-size:20px;--divider-pattern-url:none;--divider-pattern-repeat:repeat-x}.elementor-widget-divider .elementor-divider{display:flex}.elementor-widget-divider .elementor-divider__text{font-size:15px;line-height:1;max-width:95%}.elementor-widget-divider .elementor-divider__element{margin:0 var(--divider-element-spacing);flex-shrink:0}.elementor-widget-divider .elementor-icon{font-size:var(--divider-icon-size)}.elementor-widget-divider .elementor-divider-separator{display:flex;margin:0;direction:ltr}.elementor-widget-divider--view-line_icon .elementor-divider-separator,.elementor-widget-divider--view-line_text .elementor-divider-separator{align-items:center}.elementor-widget-divider--view-line_icon .elementor-divider-separator:after,.elementor-widget-divider--view-line_icon .elementor-divider-separator:before,.elementor-widget-divider--view-line_text .elementor-divider-separator:after,.elementor-widget-divider--view-line_text .elementor-divider-separator:before{display:block;content:\"\";border-bottom:0;flex-grow:1;border-top:var(--divider-border-width) var(--divider-border-style) var(--divider-color)}.elementor-widget-divider--element-align-left .elementor-divider .elementor-divider-separator>.elementor-divider__svg:first-of-type{flex-grow:0;flex-shrink:100}.elementor-widget-divider--element-align-left .elementor-divider-separator:before{content:none}.elementor-widget-divider--element-align-left .elementor-divider__element{margin-left:0}.elementor-widget-divider--element-align-right .elementor-divider .elementor-divider-separator>.elementor-divider__svg:last-of-type{flex-grow:0;flex-shrink:100}.elementor-widget-divider--element-align-right .elementor-divider-separator:after{content:none}.elementor-widget-divider--element-align-right .elementor-divider__element{margin-right:0}.elementor-widget-divider:not(.elementor-widget-divider--view-line_text):not(.elementor-widget-divider--view-line_icon) .elementor-divider-separator{border-top:var(--divider-border-width) var(--divider-border-style) var(--divider-color)}.elementor-widget-divider--separator-type-pattern{--divider-border-style:none}.elementor-widget-divider--separator-type-pattern.elementor-widget-divider--view-line .elementor-divider-separator,.elementor-widget-divider--separator-type-pattern:not(.elementor-widget-divider--view-line) .elementor-divider-separator:after,.elementor-widget-divider--separator-type-pattern:not(.elementor-widget-divider--view-line) .elementor-divider-separator:before,.elementor-widget-divider--separator-type-pattern:not([class*=elementor-widget-divider--view]) .elementor-divider-separator{width:100%;min-height:var(--divider-pattern-height);-webkit-mask-size:var(--divider-pattern-size) 100%;mask-size:var(--divider-pattern-size) 100%;-webkit-mask-repeat:var(--divider-pattern-repeat);mask-repeat:var(--divider-pattern-repeat);background-color:var(--divider-color);-webkit-mask-image:var(--divider-pattern-url);mask-image:var(--divider-pattern-url)}.elementor-widget-divider--no-spacing{--divider-pattern-size:auto}.elementor-widget-divider--bg-round{--divider-pattern-repeat:round}.rtl .elementor-widget-divider .elementor-divider__text{direction:rtl}.e-con-inner>.elementor-widget-divider,.e-con>.elementor-widget-divider{width:var(--container-widget-width,100%);--flex-grow:var(--container-widget-flex-grow)}<\/style>\t\t<div class=\"elementor-divider\">\n\t\t\t<span class=\"elementor-divider-separator\">\n\t\t\t\t\t\t<\/span>\n\t\t<\/div>\n\t\t\t\t<\/div>\n\t\t\t\t<\/div>\n\t\t\t\t<div class=\"elementor-element elementor-element-3c9587c elementor-widget elementor-widget-heading\" data-id=\"3c9587c\" data-element_type=\"widget\" data-widget_type=\"heading.default\">\n\t\t\t\t<div class=\"elementor-widget-container\">\n\t\t\t<h3 class=\"elementor-heading-title elementor-size-default\">ENVIAR EMAIL<\/h3>\t\t<\/div>\n\t\t\t\t<\/div>\n\t\t\t\t<div class=\"elementor-element elementor-element-5a6dfa7 custom-location custom-email text-color-hover-primary elementor-widget elementor-widget-porto_info_box\" data-id=\"5a6dfa7\" data-element_type=\"widget\" data-widget_type=\"porto_info_box.default\">\n\t\t\t\t<div class=\"elementor-widget-container\">\n\t\t\t<a class=\"porto-sicon-box-link\" href=\"mailto:contact@portotheme.com\"><div class=\"porto-sicon-box style_1 default-icon\"><div class=\"porto-sicon-default\"><div class=\"porto-just-icon-wrapper porto-icon none\" style=\"\"><svg xmlns=\"http:\/\/www.w3.org\/2000\/svg\" xmlns:xlink=\"http:\/\/www.w3.org\/1999\/xlink\" height=\"25px\" viewbox=\"0 0 25 25\" width=\"25px\" x=\"0px\" xml:space=\"preserve\" y=\"0px\">    <path d=\"M13.4,24.9C6,24.9,0,19.4,0,12.4S6,0,13.4,0C21,0,25.3,4,25.3,10.7v0.4c0.1,1.4-0.3,3-1.1,4.3    c-0.8,1.4-2.4,2.2-4.1,2.2c-1.9,0-4-1.1-4-4l0,0l0.3-5.3c-0.3,0-0.5-0.1-0.7-0.1c-0.7-0.1-1.3-0.1-1.9-0.1c-1.2,0-2.4,0.4-3.2,1.2    c-0.8,0.9-1.3,2.1-1.2,3.4c0,1.1,0.3,1.8,0.8,2.6c0.5,0.7,1.3,0.8,2,0.8s1.1-0.1,1.6-0.4c0.4-0.3,1.1-0.3,1.3,0.3    c0.3,0.4,0.3,1.1-0.3,1.3C14,17.8,13.1,18,12.2,18c-1.3,0-2.7-0.5-3.5-1.4c-0.8-0.9-1.2-2.2-1.2-4C7.4,10.8,8,9.2,9.2,7.9    c1.2-1.2,2.8-1.8,4.7-1.8c0.8,0,1.5,0,2.3,0.3c0.3,0.3,0.7,0.4,1.2,0.4L18.2,7l-0.4,6.7c0,1.8,1.5,2.1,2.3,2.1    c1.1,0,1.9-0.5,2.4-1.3c0.7-1.1,0.9-2.2,0.8-3.4v-0.4c0-5.8-3.5-8.8-10-8.8C7,1.8,1.9,6.6,1.9,12.5S7,23.2,13.4,23.2    c2.9,0,5.7-1.1,7.9-3c0.4-0.4,1.1-0.3,1.3,0c0.4,0.4,0.3,0.9,0,1.3l0,0C20.1,23.7,16.8,24.9,13.4,24.9z\" fill=\"#F04C23\">    <\/path><\/svg><\/div><\/div><div class=\"porto-sicon-header\"><h3 class=\"porto-sicon-title\" style=\"\">contato@lockfacilrentacar.com.br<\/h3><\/div> <!-- header --><\/div><!-- porto-sicon-box --><\/a>\t\t<\/div>\n\t\t\t\t<\/div>\n\t\t\t\t\t<\/div>\r\n\t\t\t\t<\/div>\r\n\t\t\t\t\t\t<\/div>\r\n\t\t\t\t<\/div>\r\n\t\t\t\t\t<\/div>\r\n\t\t\t\t<\/div>\r\n\t\t\t\t<div class=\"elementor-column elementor-col-50 elementor-top-column elementor-element elementor-element-7f69d3a\" data-id=\"7f69d3a\" data-element_type=\"column\" data-settings=\"{&quot;background_background&quot;:&quot;classic&quot;}\">\r\n\r\n\t\t\t\t\t<div class=\"elementor-widget-wrap elementor-element-populated\">\r\n\t\t\t\t\t\t\t\t<div class=\"elementor-element elementor-element-62c9bc7 elementor-invisible elementor-widget elementor-widget-porto_ultimate_heading\" data-id=\"62c9bc7\" data-element_type=\"widget\" data-settings=\"{&quot;_animation&quot;:&quot;fadeInUp&quot;,&quot;_animation_delay&quot;:250}\" data-widget_type=\"porto_ultimate_heading.default\">\n\t\t\t\t<div class=\"elementor-widget-container\">\n\t\t\t<div class=\"porto-u-heading\" data-hspacer=\"no_spacer\" data-halign=\"left\" style=\"text-align:left\"><div class=\"porto-u-main-heading\"><h3    style=\"margin-bottom: 24px;\">Fale com a Lock F\u00e1cil Rent a Car<\/h3><\/div><div class=\"porto-u-sub-heading\" style=\"margin-bottom:24px;\"><p><span style=\"color: #ffffff;\">Este \u00e9 o seu canal aberto com a <strong>LOCK F\u00c1CIL RENT A CAR<\/strong>, para envio de d\u00favidas, sugest\u00f5es, reclama\u00e7\u00f5es ou qualquer outro tipo de contato que voc\u00ea queira manter conosco. Ou por email ou pelo nosso WhatsApp.<\/span><\/p><\/div><\/div>\t\t<\/div>\n\t\t\t\t<\/div>\n\t\t\t\t\t<\/div>\r\n\t\t\t\t<\/div>\r\n\t\t\t\t\t\t<\/div>\r\n\t\t\t\t<\/section>\r\n\t\t\t\t<section class=\"elementor-section elementor-top-section elementor-element elementor-element-e221078 elementor-section-full_width elementor-section-height-default elementor-section-height-default\" data-id=\"e221078\" data-element_type=\"section\">\r\n\t\t\t\r\n\t\t\t\t\t\t\t\t\t<div class=\"elementor-container elementor-column-gap-no\">\r\n\t\t\t\t\t\t\t\t\t\t\t<div class=\"elementor-column elementor-col-100 elementor-top-column elementor-element elementor-element-857330b\" data-id=\"857330b\" data-element_type=\"column\">\r\n\r\n\t\t\t\t\t<div class=\"elementor-widget-wrap elementor-element-populated\">\r\n\t\t\t\t\t\t\t\t<div class=\"elementor-element elementor-element-053d7ca elementor-widget elementor-widget-html\" data-id=\"053d7ca\" data-element_type=\"widget\" data-widget_type=\"html.default\">\n\t\t\t\t<div class=\"elementor-widget-container\">\n\t\t\t<iframe src=\"https:\/\/www.google.com\/maps\/embed?pb=!1m14!1m8!1m3!1d15739.215053123278!2d-35.799801!3d-9.5257719!3m2!1i1024!2i768!4f13.1!3m3!1m2!1s0x70146135d190001%3A0x5bd1b24e7f2486a4!2sLocadora%20Lock%20F%C3%A1cil!5e0!3m2!1spt-BR!2sbr!4v1699454541046!5m2!1spt-BR!2sbr\" width=\"600\" height=\"450\" style=\"border:0;\" allowfullscreen=\"\" loading=\"lazy\" referrerpolicy=\"no-referrer-when-downgrade\"><\/iframe>\t\t<\/div>\n\t\t\t\t<\/div>\n\t\t\t\t\t<\/div>\r\n\t\t\t\t<\/div>\r\n\t\t\t\t\t\t<\/div>\r\n\t\t\t\t<\/section>\r\n\t\t\t\t\t\t\t<\/div>\n\t\t","protected":false},"excerpt":{"rendered":"<p>Lock F\u00e1cil Rent a Car Loteamento Parque dos Eucaliptos, S\/N, KM11, Prefeito Antonio L. de Souza, 57100-100, Quadra: A, Lote 03 Rio Largo\/AL CONTATO (82)99130-7503 ENVIAR EMAIL contato@lockfacilrentacar.com.br Fale com a Lock F\u00e1cil Rent a Car Este \u00e9 o seu canal aberto com a LOCK F\u00c1CIL RENT A CAR, para envio de d\u00favidas, sugest\u00f5es, reclama\u00e7\u00f5es [&hellip;]<\/p>\n","protected":false},"author":1,"featured_media":0,"parent":0,"menu_order":0,"comment_status":"closed","ping_status":"closed","template":"","meta":{"footnotes":""},"class_list":["post-149","page","type-page","status-publish","hentry"],"_links":{"self":[{"href":"https:\/\/lockfacilrentacar.com.br\/v1\/index.php?rest_route=\/wp\/v2\/pages\/149","targetHints":{"allow":["GET"]}}],"collection":[{"href":"https:\/\/lockfacilrentacar.com.br\/v1\/index.php?rest_route=\/wp\/v2\/pages"}],"about":[{"href":"https:\/\/lockfacilrentacar.com.br\/v1\/index.php?rest_route=\/wp\/v2\/types\/page"}],"author":[{"embeddable":true,"href":"https:\/\/lockfacilrentacar.com.br\/v1\/index.php?rest_route=\/wp\/v2\/users\/1"}],"replies":[{"embeddable":true,"href":"https:\/\/lockfacilrentacar.com.br\/v1\/index.php?rest_route=%2Fwp%2Fv2%2Fcomments&post=149"}],"version-history":[{"count":26,"href":"https:\/\/lockfacilrentacar.com.br\/v1\/index.php?rest_route=\/wp\/v2\/pages\/149\/revisions"}],"predecessor-version":[{"id":5063,"href":"https:\/\/lockfacilrentacar.com.br\/v1\/index.php?rest_route=\/wp\/v2\/pages\/149\/revisions\/5063"}],"wp:attachment":[{"href":"https:\/\/lockfacilrentacar.com.br\/v1\/index.php?rest_route=%2Fwp%2Fv2%2Fmedia&parent=149"}],"curies":[{"name":"wp","href":"https:\/\/api.w.org\/{rel}","templated":true}]}}